{"id":2,"date":"2024-10-15T10:42:59","date_gmt":"2024-10-15T10:42:59","guid":{"rendered":"https:\/\/catedraeniaupvds.webs.upv.es\/?page_id=2"},"modified":"2025-01-09T08:44:11","modified_gmt":"2025-01-09T08:44:11","slug":"sample-page","status":"publish","type":"page","link":"https:\/\/catedraeniaupvds.webs.upv.es\/","title":{"rendered":"Home"},"content":{"rendered":"\t\t<div data-elementor-type=\"wp-page\" data-elementor-id=\"2\" class=\"elementor elementor-2\">\n\t\t\t\t<div class=\"elementor-element elementor-element-1e41374 e-flex e-con-boxed e-con e-parent\" data-id=\"1e41374\" data-element_type=\"container\" data-settings=\"{&quot;background_background&quot;:&quot;classic&quot;}\">\n\t\t\t\t\t<div class=\"e-con-inner\">\n\t\t\t\t<div class=\"elementor-element elementor-element-3dc0565 elementor-widget elementor-widget-heading\" data-id=\"3dc0565\" data-element_type=\"widget\" data-widget_type=\"heading.default\">\n\t\t\t\t<div class=\"elementor-widget-container\">\n\t\t\t\t\t<h1 class=\"elementor-heading-title elementor-size-default\">C\u00e1tedra ENIA-UPV en IA<br>desarrollo sostenible<\/h1>\t\t\t\t<\/div>\n\t\t\t\t<\/div>\n\t\t\t\t\t<\/div>\n\t\t\t\t<\/div>\n\t\t<div class=\"elementor-element elementor-element-7da7acf e-flex e-con-boxed e-con e-parent\" data-id=\"7da7acf\" data-element_type=\"container\">\n\t\t\t\t\t<div class=\"e-con-inner\">\n\t\t\t\t<div class=\"elementor-element elementor-element-97dea25 elementor-widget elementor-widget-heading\" data-id=\"97dea25\" data-element_type=\"widget\" data-widget_type=\"heading.default\">\n\t\t\t\t<div class=\"elementor-widget-container\">\n\t\t\t\t\t<h3 class=\"elementor-heading-title elementor-size-default\">La C\u00e1tedra ENIA-UPV, un puente entre el talento y el desarrollo sostenible<\/h3>\t\t\t\t<\/div>\n\t\t\t\t<\/div>\n\t\t\t\t\t<\/div>\n\t\t\t\t<\/div>\n\t\t<div class=\"elementor-element elementor-element-15617f1 e-flex e-con-boxed e-con e-parent\" data-id=\"15617f1\" data-element_type=\"container\">\n\t\t\t\t\t<div class=\"e-con-inner\">\n\t\t\t\t<div class=\"elementor-element elementor-element-69bbb73 elementor-widget elementor-widget-heading\" data-id=\"69bbb73\" data-element_type=\"widget\" data-widget_type=\"heading.default\">\n\t\t\t\t<div class=\"elementor-widget-container\">\n\t\t\t\t\t<h4 class=\"elementor-heading-title elementor-size-default\">El proyecto C\u00e1tedra IA-UPV se enmarca en el \u00e1mbito del desarrollo sostenible y busca <strong>impulsar la creaci\u00f3n de talento en inteligencia artificial (IA)<\/strong> en la Comunitat Valenciana. Su principal objetivo es fomentar la colaboraci\u00f3n entre expertos en IA y empresas interesadas en esta tecnolog\u00eda, clave para el futuro del desarrollo sostenible. La misi\u00f3n de la c\u00e1tedra es crear una comunidad que promueva la investigaci\u00f3n y la educaci\u00f3n en IA, con un fuerte compromiso social.\n<br>\n<br>\n    El proyecto aboga por <strong>incorporar la IA en la formaci\u00f3n acad\u00e9mica,<\/strong> la investigaci\u00f3n cient\u00edfica y la transferencia de conocimiento, promoviendo la colaboraci\u00f3n entre universidades y empresas. Adem\u00e1s, se espera desarrollar contenidos educativos que incluyan IA en programas relacionados con el desarrollo sostenible.\n<br>\n<br>\n    La C\u00e1tedra IA-UPV tambi\u00e9n busca renovar el modelo productivo de la regi\u00f3n aplicando IA, con impacto directo en \u00e1reas como <strong>ciudades inteligentes, econom\u00eda circular y gesti\u00f3n de recursos naturales.<\/strong> Alineado con la Estrategia Espa\u00f1ola en I+D+i, el proyecto tiene como finalidad crear un ecosistema de investigaci\u00f3n y formaci\u00f3n que posicione a la UPV como un referente en Europa en la aplicaci\u00f3n de IA al desarrollo sostenible.\n<\/h4>\t\t\t\t<\/div>\n\t\t\t\t<\/div>\n\t\t\t\t\t<\/div>\n\t\t\t\t<\/div>\n\t\t<div class=\"elementor-element elementor-element-e6173af e-flex e-con-boxed e-con e-parent\" data-id=\"e6173af\" data-element_type=\"container\">\n\t\t\t\t\t<div class=\"e-con-inner\">\n\t\t<div class=\"elementor-element elementor-element-f76bf6f e-con-full e-flex e-con e-child\" data-id=\"f76bf6f\" data-element_type=\"container\">\n\t\t<div class=\"elementor-element elementor-element-75e30c4 e-con-full e-flex e-con e-child\" data-id=\"75e30c4\" data-element_type=\"container\" data-settings=\"{&quot;background_background&quot;:&quot;classic&quot;}\">\n\t\t\t\t<div class=\"elementor-element elementor-element-281adcc elementor-align-center elementor-widget elementor-widget-button\" data-id=\"281adcc\" data-element_type=\"widget\" data-widget_type=\"button.default\">\n\t\t\t\t<div class=\"elementor-widget-container\">\n\t\t\t\t\t\t\t\t\t<div class=\"elementor-button-wrapper\">\n\t\t\t\t\t<a class=\"elementor-button elementor-button-link elementor-size-sm\" href=\"https:\/\/catedraeniaupvds.webs.upv.es\/index.php\/objetivos\/\">\n\t\t\t\t\t\t<span class=\"elementor-button-content-wrapper\">\n\t\t\t\t\t\t\t\t\t<span class=\"elementor-button-text\">Conoce el proyecto<\/span>\n\t\t\t\t\t<\/span>\n\t\t\t\t\t<\/a>\n\t\t\t\t<\/div>\n\t\t\t\t\t\t\t\t<\/div>\n\t\t\t\t<\/div>\n\t\t\t\t<\/div>\n\t\t<div class=\"elementor-element elementor-element-e0175ad e-con-full e-flex e-con e-child\" data-id=\"e0175ad\" data-element_type=\"container\" data-settings=\"{&quot;background_background&quot;:&quot;classic&quot;}\">\n\t\t\t\t<div class=\"elementor-element elementor-element-f3202ce elementor-align-center elementor-widget elementor-widget-button\" data-id=\"f3202ce\" data-element_type=\"widget\" data-widget_type=\"button.default\">\n\t\t\t\t<div class=\"elementor-widget-container\">\n\t\t\t\t\t\t\t\t\t<div class=\"elementor-button-wrapper\">\n\t\t\t\t\t<a class=\"elementor-button elementor-button-link elementor-size-sm\" href=\"https:\/\/catedraeniaupvds.webs.upv.es\/index.php\/colabora\/\">\n\t\t\t\t\t\t<span class=\"elementor-button-content-wrapper\">\n\t\t\t\t\t\t\t\t\t<span class=\"elementor-button-text\">Colabora con nosotros<\/span>\n\t\t\t\t\t<\/span>\n\t\t\t\t\t<\/a>\n\t\t\t\t<\/div>\n\t\t\t\t\t\t\t\t<\/div>\n\t\t\t\t<\/div>\n\t\t\t\t<\/div>\n\t\t<div class=\"elementor-element elementor-element-9f53ca0 e-con-full e-flex e-con e-child\" data-id=\"9f53ca0\" data-element_type=\"container\" data-settings=\"{&quot;background_background&quot;:&quot;classic&quot;}\">\n\t\t\t\t<div class=\"elementor-element elementor-element-05e6dd8 elementor-align-center elementor-widget elementor-widget-button\" data-id=\"05e6dd8\" data-element_type=\"widget\" data-widget_type=\"button.default\">\n\t\t\t\t<div class=\"elementor-widget-container\">\n\t\t\t\t\t\t\t\t\t<div class=\"elementor-button-wrapper\">\n\t\t\t\t\t<a class=\"elementor-button elementor-button-link elementor-size-sm\" href=\"https:\/\/catedraeniaupvds.webs.upv.es\/index.php\/programas\/\">\n\t\t\t\t\t\t<span class=\"elementor-button-content-wrapper\">\n\t\t\t\t\t\t\t\t\t<span class=\"elementor-button-text\">\u00danete al talento<\/span>\n\t\t\t\t\t<\/span>\n\t\t\t\t\t<\/a>\n\t\t\t\t<\/div>\n\t\t\t\t\t\t\t\t<\/div>\n\t\t\t\t<\/div>\n\t\t\t\t<\/div>\n\t\t\t\t<\/div>\n\t\t\t\t\t<\/div>\n\t\t\t\t<\/div>\n\t\t\t\t<\/div>\n\t\t","protected":false},"excerpt":{"rendered":"<p>C\u00e1tedra ENIA-UPV en IAdesarrollo sostenible La C\u00e1tedra ENIA-UPV, un puente entre el talento y el desarrollo sostenible El proyecto C\u00e1tedra [&hellip;]<\/p>\n","protected":false},"author":1,"featured_media":0,"parent":0,"menu_order":0,"comment_status":"closed","ping_status":"closed","template":"","meta":{"site-sidebar-layout":"default","site-content-layout":"","ast-site-content-layout":"default","site-content-style":"default","site-sidebar-style":"default","ast-global-header-display":"","ast-banner-title-visibility":"","ast-main-header-display":"","ast-hfb-above-header-display":"","ast-hfb-below-header-display":"","ast-hfb-mobile-header-display":"","site-post-title":"disabled","ast-breadcrumbs-content":"","ast-featured-img":"","footer-sml-layout":"","ast-disable-related-posts":"","theme-transparent-header-meta":"","adv-header-id-meta":"","stick-header-meta":"","header-above-stick-meta":"","header-main-stick-meta":"","header-below-stick-meta":"","astra-migrate-meta-layouts":"default","ast-page-background-enabled":"default","ast-page-background-meta":{"desktop":{"background-color":"var(--ast-global-color-4)","background-image":"","background-repeat":"repeat","background-position":"center center","background-size":"auto","background-attachment":"scroll","background-type":"","background-media":"","overlay-type":"","overlay-color":"","overlay-opacity":"","overlay-gradient":""},"tablet":{"background-color":"","background-image":"","background-repeat":"repeat","background-position":"center center","background-size":"auto","background-attachment":"scroll","background-type":"","background-media":"","overlay-type":"","overlay-color":"","overlay-opacity":"","overlay-gradient":""},"mobile":{"background-color":"","background-image":"","background-repeat":"repeat","background-position":"center center","background-size":"auto","background-attachment":"scroll","background-type":"","background-media":"","overlay-type":"","overlay-color":"","overlay-opacity":"","overlay-gradient":""}},"ast-content-background-meta":{"desktop":{"background-color":"var(--ast-global-color-5)","background-image":"","background-repeat":"repeat","background-position":"center center","background-size":"auto","background-attachment":"scroll","background-type":"","background-media":"","overlay-type":"","overlay-color":"","overlay-opacity":"","overlay-gradient":""},"tablet":{"background-color":"var(--ast-global-color-5)","background-image":"","background-repeat":"repeat","background-position":"center center","background-size":"auto","background-attachment":"scroll","background-type":"","background-media":"","overlay-type":"","overlay-color":"","overlay-opacity":"","overlay-gradient":""},"mobile":{"background-color":"var(--ast-global-color-5)","background-image":"","background-repeat":"repeat","background-position":"center center","background-size":"auto","background-attachment":"scroll","background-type":"","background-media":"","overlay-type":"","overlay-color":"","overlay-opacity":"","overlay-gradient":""}},"footnotes":""},"class_list":["post-2","page","type-page","status-publish","hentry"],"yoast_head":"<!-- This site is optimized with the Yoast SEO plugin v24.2 - https:\/\/yoast.com\/wordpress\/plugins\/seo\/ -->\n<title>Home - C\u00e1tedra ENIA-UPV en IA desarrollo sostenible<\/title>\n<meta name=\"robots\" content=\"index, follow, max-snippet:-1, max-image-preview:large, max-video-preview:-1\" \/>\n<link rel=\"canonical\" href=\"https:\/\/catedraeniaupvds.webs.upv.es\/\" \/>\n<meta property=\"og:locale\" content=\"es_ES\" \/>\n<meta property=\"og:type\" content=\"article\" \/>\n<meta property=\"og:title\" content=\"Home - C\u00e1tedra ENIA-UPV en IA desarrollo sostenible\" \/>\n<meta property=\"og:description\" content=\"C\u00e1tedra ENIA-UPV en IAdesarrollo sostenible La C\u00e1tedra ENIA-UPV, un puente entre el talento y el desarrollo sostenible El proyecto C\u00e1tedra [&hellip;]\" \/>\n<meta property=\"og:url\" content=\"https:\/\/catedraeniaupvds.webs.upv.es\/\" \/>\n<meta property=\"og:site_name\" content=\"C\u00e1tedra ENIA-UPV en IA desarrollo sostenible\" \/>\n<meta property=\"article:modified_time\" content=\"2025-01-09T08:44:11+00:00\" \/>\n<meta name=\"twitter:card\" content=\"summary_large_image\" \/>\n<meta name=\"twitter:label1\" content=\"Tiempo de lectura\" \/>\n\t<meta name=\"twitter:data1\" content=\"1 minuto\" \/>\n<script type=\"application\/ld+json\" class=\"yoast-schema-graph\">{\"@context\":\"https:\/\/schema.org\",\"@graph\":[{\"@type\":\"WebPage\",\"@id\":\"https:\/\/catedraeniaupvds.webs.upv.es\/\",\"url\":\"https:\/\/catedraeniaupvds.webs.upv.es\/\",\"name\":\"Home - C\u00e1tedra ENIA-UPV en IA desarrollo sostenible\",\"isPartOf\":{\"@id\":\"https:\/\/catedraeniaupvds.webs.upv.es\/#website\"},\"datePublished\":\"2024-10-15T10:42:59+00:00\",\"dateModified\":\"2025-01-09T08:44:11+00:00\",\"breadcrumb\":{\"@id\":\"https:\/\/catedraeniaupvds.webs.upv.es\/#breadcrumb\"},\"inLanguage\":\"es\",\"potentialAction\":[{\"@type\":\"ReadAction\",\"target\":[\"https:\/\/catedraeniaupvds.webs.upv.es\/\"]}]},{\"@type\":\"BreadcrumbList\",\"@id\":\"https:\/\/catedraeniaupvds.webs.upv.es\/#breadcrumb\",\"itemListElement\":[{\"@type\":\"ListItem\",\"position\":1,\"name\":\"Portada\",\"item\":\"https:\/\/catedraeniaupvds.webs.upv.es\/\"},{\"@type\":\"ListItem\",\"position\":2,\"name\":\"Home\"}]},{\"@type\":\"WebSite\",\"@id\":\"https:\/\/catedraeniaupvds.webs.upv.es\/#website\",\"url\":\"https:\/\/catedraeniaupvds.webs.upv.es\/\",\"name\":\"C\u00e1tedra ENIA-UPV en IA desarrollo sostenible\",\"description\":\"\",\"publisher\":{\"@id\":\"https:\/\/catedraeniaupvds.webs.upv.es\/#organization\"},\"potentialAction\":[{\"@type\":\"SearchAction\",\"target\":{\"@type\":\"EntryPoint\",\"urlTemplate\":\"https:\/\/catedraeniaupvds.webs.upv.es\/?s={search_term_string}\"},\"query-input\":{\"@type\":\"PropertyValueSpecification\",\"valueRequired\":true,\"valueName\":\"search_term_string\"}}],\"inLanguage\":\"es\"},{\"@type\":\"Organization\",\"@id\":\"https:\/\/catedraeniaupvds.webs.upv.es\/#organization\",\"name\":\"C\u00e1tedra ENIA-UPV en IA desarrollo sostenible\",\"url\":\"https:\/\/catedraeniaupvds.webs.upv.es\/\",\"logo\":{\"@type\":\"ImageObject\",\"inLanguage\":\"es\",\"@id\":\"https:\/\/catedraeniaupvds.webs.upv.es\/#\/schema\/logo\/image\/\",\"url\":\"https:\/\/catedraeniaupvds.webs.upv.es\/wp-content\/uploads\/2024\/11\/logo1v4.png\",\"contentUrl\":\"https:\/\/catedraeniaupvds.webs.upv.es\/wp-content\/uploads\/2024\/11\/logo1v4.png\",\"width\":1006,\"height\":457,\"caption\":\"C\u00e1tedra ENIA-UPV en IA desarrollo sostenible\"},\"image\":{\"@id\":\"https:\/\/catedraeniaupvds.webs.upv.es\/#\/schema\/logo\/image\/\"}}]}<\/script>\n<!-- \/ Yoast SEO plugin. -->","yoast_head_json":{"title":"Home - C\u00e1tedra ENIA-UPV en IA desarrollo sostenible","robots":{"index":"index","follow":"follow","max-snippet":"max-snippet:-1","max-image-preview":"max-image-preview:large","max-video-preview":"max-video-preview:-1"},"canonical":"https:\/\/catedraeniaupvds.webs.upv.es\/","og_locale":"es_ES","og_type":"article","og_title":"Home - C\u00e1tedra ENIA-UPV en IA desarrollo sostenible","og_description":"C\u00e1tedra ENIA-UPV en IAdesarrollo sostenible La C\u00e1tedra ENIA-UPV, un puente entre el talento y el desarrollo sostenible El proyecto C\u00e1tedra [&hellip;]","og_url":"https:\/\/catedraeniaupvds.webs.upv.es\/","og_site_name":"C\u00e1tedra ENIA-UPV en IA desarrollo sostenible","article_modified_time":"2025-01-09T08:44:11+00:00","twitter_card":"summary_large_image","twitter_misc":{"Tiempo de lectura":"1 minuto"},"schema":{"@context":"https:\/\/schema.org","@graph":[{"@type":"WebPage","@id":"https:\/\/catedraeniaupvds.webs.upv.es\/","url":"https:\/\/catedraeniaupvds.webs.upv.es\/","name":"Home - C\u00e1tedra ENIA-UPV en IA desarrollo sostenible","isPartOf":{"@id":"https:\/\/catedraeniaupvds.webs.upv.es\/#website"},"datePublished":"2024-10-15T10:42:59+00:00","dateModified":"2025-01-09T08:44:11+00:00","breadcrumb":{"@id":"https:\/\/catedraeniaupvds.webs.upv.es\/#breadcrumb"},"inLanguage":"es","potentialAction":[{"@type":"ReadAction","target":["https:\/\/catedraeniaupvds.webs.upv.es\/"]}]},{"@type":"BreadcrumbList","@id":"https:\/\/catedraeniaupvds.webs.upv.es\/#breadcrumb","itemListElement":[{"@type":"ListItem","position":1,"name":"Portada","item":"https:\/\/catedraeniaupvds.webs.upv.es\/"},{"@type":"ListItem","position":2,"name":"Home"}]},{"@type":"WebSite","@id":"https:\/\/catedraeniaupvds.webs.upv.es\/#website","url":"https:\/\/catedraeniaupvds.webs.upv.es\/","name":"C\u00e1tedra ENIA-UPV en IA desarrollo sostenible","description":"","publisher":{"@id":"https:\/\/catedraeniaupvds.webs.upv.es\/#organization"},"potentialAction":[{"@type":"SearchAction","target":{"@type":"EntryPoint","urlTemplate":"https:\/\/catedraeniaupvds.webs.upv.es\/?s={search_term_string}"},"query-input":{"@type":"PropertyValueSpecification","valueRequired":true,"valueName":"search_term_string"}}],"inLanguage":"es"},{"@type":"Organization","@id":"https:\/\/catedraeniaupvds.webs.upv.es\/#organization","name":"C\u00e1tedra ENIA-UPV en IA desarrollo sostenible","url":"https:\/\/catedraeniaupvds.webs.upv.es\/","logo":{"@type":"ImageObject","inLanguage":"es","@id":"https:\/\/catedraeniaupvds.webs.upv.es\/#\/schema\/logo\/image\/","url":"https:\/\/catedraeniaupvds.webs.upv.es\/wp-content\/uploads\/2024\/11\/logo1v4.png","contentUrl":"https:\/\/catedraeniaupvds.webs.upv.es\/wp-content\/uploads\/2024\/11\/logo1v4.png","width":1006,"height":457,"caption":"C\u00e1tedra ENIA-UPV en IA desarrollo sostenible"},"image":{"@id":"https:\/\/catedraeniaupvds.webs.upv.es\/#\/schema\/logo\/image\/"}}]}},"rttpg_featured_image_url":null,"rttpg_author":{"display_name":"admin","author_link":"https:\/\/catedraeniaupvds.webs.upv.es\/index.php\/author\/mvsimsor_5dg52yj3\/"},"rttpg_comment":0,"rttpg_category":null,"rttpg_excerpt":"C\u00e1tedra ENIA-UPV en IAdesarrollo sostenible La C\u00e1tedra ENIA-UPV, un puente entre el talento y el desarrollo sostenible El proyecto C\u00e1tedra [&hellip;]","_links":{"self":[{"href":"https:\/\/catedraeniaupvds.webs.upv.es\/index.php\/wp-json\/wp\/v2\/pages\/2","targetHints":{"allow":["GET"]}}],"collection":[{"href":"https:\/\/catedraeniaupvds.webs.upv.es\/index.php\/wp-json\/wp\/v2\/pages"}],"about":[{"href":"https:\/\/catedraeniaupvds.webs.upv.es\/index.php\/wp-json\/wp\/v2\/types\/page"}],"author":[{"embeddable":true,"href":"https:\/\/catedraeniaupvds.webs.upv.es\/index.php\/wp-json\/wp\/v2\/users\/1"}],"replies":[{"embeddable":true,"href":"https:\/\/catedraeniaupvds.webs.upv.es\/index.php\/wp-json\/wp\/v2\/comments?post=2"}],"version-history":[{"count":44,"href":"https:\/\/catedraeniaupvds.webs.upv.es\/index.php\/wp-json\/wp\/v2\/pages\/2\/revisions"}],"predecessor-version":[{"id":362,"href":"https:\/\/catedraeniaupvds.webs.upv.es\/index.php\/wp-json\/wp\/v2\/pages\/2\/revisions\/362"}],"wp:attachment":[{"href":"https:\/\/catedraeniaupvds.webs.upv.es\/index.php\/wp-json\/wp\/v2\/media?parent=2"}],"curies":[{"name":"wp","href":"https:\/\/api.w.org\/{rel}","templated":true}]}}