{"id":428,"date":"2025-03-10T10:35:47","date_gmt":"2025-03-10T10:35:47","guid":{"rendered":"https:\/\/catedraeniaupvds.webs.upv.es\/?page_id=428"},"modified":"2025-03-21T08:03:38","modified_gmt":"2025-03-21T08:03:38","slug":"ia-territorios","status":"publish","type":"page","link":"https:\/\/catedraeniaupvds.webs.upv.es\/index.php\/ia-territorios\/","title":{"rendered":"IA-territorios"},"content":{"rendered":"\t\t<div data-elementor-type=\"wp-page\" data-elementor-id=\"428\" class=\"elementor elementor-428\">\n\t\t\t\t<div class=\"elementor-element elementor-element-b4bb0a6 e-flex e-con-boxed e-con e-parent\" data-id=\"b4bb0a6\" data-element_type=\"container\">\n\t\t\t\t\t<div class=\"e-con-inner\">\n\t\t\t\t<div class=\"elementor-element elementor-element-8796837 elementor-widget elementor-widget-heading\" data-id=\"8796837\" data-element_type=\"widget\" data-widget_type=\"heading.default\">\n\t\t\t\t<div class=\"elementor-widget-container\">\n\t\t\t\t\t<h2 class=\"elementor-heading-title elementor-size-default\"><span data-teams=\"true\">Desarrollo de herramientas de IA que permitan optimizar el an\u00e1lisis de im\u00e1genes producidas en el marco de programas de mejora gen\u00e9tica biotecnol\u00f3gica<\/span><\/h2>\t\t\t\t<\/div>\n\t\t\t\t<\/div>\n\t\t\t\t\t<\/div>\n\t\t\t\t<\/div>\n\t\t<div class=\"elementor-element elementor-element-87e3a15 e-flex e-con-boxed e-con e-parent\" data-id=\"87e3a15\" data-element_type=\"container\">\n\t\t\t\t\t<div class=\"e-con-inner\">\n\t\t\t\t<div class=\"elementor-element elementor-element-c4fa683 elementor-widget elementor-widget-heading\" data-id=\"c4fa683\" data-element_type=\"widget\" data-widget_type=\"heading.default\">\n\t\t\t\t<div class=\"elementor-widget-container\">\n\t\t\t\t\t<span class=\"elementor-heading-title elementor-size-default\"><span data-teams=\"true\">La IA tiene m\u00faltiples aplicaciones. Una aplicaci\u00f3n importante es proporcionar herramientas para facilitar el an\u00e1lisis de imagen. La mejora gen\u00e9tica vegetal tiene como objetivo desarrollar nuevas variedades de cultivos que sean de mayor calidad y que puedan cultivarse de forma productiva en sistemas agr\u00edcolas m\u00e1s sostenibles, que tengan menor impacto ambiental, que utilicen menos recursos (pesticidas, fertilizantes, agua..) y generen menos residuos. Para ello, en esta investigaci\u00f3n se trabajar\u00e1 con un equipo en numerosos proyectos orientados a desarrollar nuevas variedades de cucurbit\u00e1ceas (mel\u00f3n, pepino, sandia y calabazas), la segunda familia de hort\u00edcolas en importancia econ\u00f3mica y social, utilizando las estrategias biotecnol\u00f3gicas m\u00e1s avanzadas (secuenciaci\u00f3n de genomas, edici\u00f3n g\u00e9nica, desarrollo de colecciones de marcadores moleculares para selecci\u00f3n indirecta, etc.). El desarrollo de estas estrategias pasa por desarrollar estrategias de fenotipado de alta resoluci\u00f3n. Este fenotipado, se fundamenta, entre otras cosas, en al an\u00e1lisis de im\u00e1genes: im\u00e1genes captadas por drones, im\u00e1genes captadas por microscopios, esc\u00e1neres de alta resoluci\u00f3n (que puedan determinar la salud de las plantas, su necesidad de riego o tratamientos, su fertilidad, estudiando micrograf\u00edas de granos de polen y desarrollo de tubos pol\u00ednicos, etc.). Se desarrollaran herramientas de IA que permitan optimizar el an\u00e1lisis de estas im\u00e1genes producidas en el marco de programas de mejora gen\u00e9tica biotecnol\u00f3gica, bien sea segmentando partes de inter\u00e9s, reconociendo y clasificando diferentes tipos de objetos o generando nuevas im\u00e1genes a partir de ejemplos.<\/span><\/span>\t\t\t\t<\/div>\n\t\t\t\t<\/div>\n\t\t\t\t\t<\/div>\n\t\t\t\t<\/div>\n\t\t<div class=\"elementor-element elementor-element-6f1363a e-flex e-con-boxed e-con e-parent\" data-id=\"6f1363a\" data-element_type=\"container\">\n\t\t\t\t\t<div class=\"e-con-inner\">\n\t\t\t\t<div class=\"elementor-element elementor-element-ef1e5fb elementor-widget elementor-widget-heading\" data-id=\"ef1e5fb\" data-element_type=\"widget\" data-widget_type=\"heading.default\">\n\t\t\t\t<div class=\"elementor-widget-container\">\n\t\t\t\t\t<h2 class=\"elementor-heading-title elementor-size-default\"><span data-teams=\"true\">Detecci\u00f3n de micropl\u00e1sticos con IA<\/span><\/h2>\t\t\t\t<\/div>\n\t\t\t\t<\/div>\n\t\t\t\t\t<\/div>\n\t\t\t\t<\/div>\n\t\t<div class=\"elementor-element elementor-element-65d3960 e-flex e-con-boxed e-con e-parent\" data-id=\"65d3960\" data-element_type=\"container\">\n\t\t\t\t\t<div class=\"e-con-inner\">\n\t\t\t\t<div class=\"elementor-element elementor-element-3265989 elementor-widget elementor-widget-heading\" data-id=\"3265989\" data-element_type=\"widget\" data-widget_type=\"heading.default\">\n\t\t\t\t<div class=\"elementor-widget-container\">\n\t\t\t\t\t<span class=\"elementor-heading-title elementor-size-default\">Los micropl\u00e1sticos (MPs), es decir, part\u00edculas de pl\u00e1stico de menos de cinco mil\u00edmetros, representan un \u00e1rea\nde investigaci\u00f3n relevante debido al aumento de su presencia en diversos entornos y a su capacidad para\ntransportar sustancias contaminantes. Si bien la mayor\u00eda de los estudios se centran en ecosistemas marinos,\nes igualmente importante analizar su presencia en otros medios. Aunque algunos avances recientes han\npermitido reducir los MPs en el agua, estas part\u00edculas no desaparecen, sino que pueden acumularse en otros\nentornos, como el fango de las depuradoras.\nSu reducido tama\u00f1o y alta variabilidad morfol\u00f3gica dificultan su detecci\u00f3n mediante m\u00e9todos tradicionales,\nlos cuales requieren tiempo y un alto consumo de recursos humanos. Para abordar estos desaf\u00edos, este trabajo\npropone una metodolog\u00eda escalable y eficiente basada en redes neuronales convolucionales para la detecci\u00f3n\ny caracterizaci\u00f3n de MPs en muestras de fango procedentes de aguas residuales.<\/span>\t\t\t\t<\/div>\n\t\t\t\t<\/div>\n\t\t\t\t\t<\/div>\n\t\t\t\t<\/div>\n\t\t<div class=\"elementor-element elementor-element-670a77d e-flex e-con-boxed e-con e-parent\" data-id=\"670a77d\" data-element_type=\"container\">\n\t\t\t\t\t<div class=\"e-con-inner\">\n\t\t\t\t<div class=\"elementor-element elementor-element-26d86a8 elementor-widget elementor-widget-heading\" data-id=\"26d86a8\" data-element_type=\"widget\" data-widget_type=\"heading.default\">\n\t\t\t\t<div class=\"elementor-widget-container\">\n\t\t\t\t\t<h2 class=\"elementor-heading-title elementor-size-default\">Aplicaci\u00f3n de t\u00e9cnicas de IA para el dise\u00f1o de algoritmos y herramientas de ayuda en la obtenci\u00f3n de biomol\u00e9culas para combatir bacterias resistentes a antibi\u00f3ticos.<\/h2>\t\t\t\t<\/div>\n\t\t\t\t<\/div>\n\t\t\t\t\t<\/div>\n\t\t\t\t<\/div>\n\t\t<div class=\"elementor-element elementor-element-6536ef2 e-flex e-con-boxed e-con e-parent\" data-id=\"6536ef2\" data-element_type=\"container\">\n\t\t\t\t\t<div class=\"e-con-inner\">\n\t\t\t\t<div class=\"elementor-element elementor-element-24afe2b elementor-widget elementor-widget-heading\" data-id=\"24afe2b\" data-element_type=\"widget\" data-widget_type=\"heading.default\">\n\t\t\t\t<div class=\"elementor-widget-container\">\n\t\t\t\t\t<span class=\"elementor-heading-title elementor-size-default\"><span style=\"font-size:11.0pt;line-height:107%;,sans-serif\">El\nobjetivo de esta investigaci\u00f3n es el desarrollo de nuevas herramientas y\nalgoritmos de selecci\u00f3n de anticuerpos con mejor afinidad para la interacci\u00f3n\ncon prote\u00ednas predefinidas, especificando la regi\u00f3n de la prote\u00edna diana en la\nque se une. <br>\nEstas herramientas y algoritmos se basar\u00e1n en la aplicaci\u00f3n de\nt\u00e9cnicas de machine learning, u otras medidas basadas en teor\u00eda de la\ninformaci\u00f3n. <br>\nAplicando t\u00e9cnicas de computaci\u00f3n con membranas, para la\nmodelizaci\u00f3n y simulaci\u00f3n de los procesos de evoluci\u00f3n dirigida y para\nestablecer modelos de interacci\u00f3n de la bacteria con el sistema inmunol\u00f3gico. <br>\nSe\ndesarrollar\u00e1n herramientas para la validaci\u00f3n biol\u00f3gica de los resultados de\nmodelaci\u00f3n y simulaci\u00f3n generados. <br>\nEsta investigaci\u00f3n tiene gran impacto en el\n\u201cObjetivo 3: Garantizar una vida sana y promover el bienestar para todos en\ntodas las edades\u201d perteneciente a los objetivos de desarrollo sostenible\naprobados por la ONU.<\/span><\/span>\t\t\t\t<\/div>\n\t\t\t\t<\/div>\n\t\t\t\t\t<\/div>\n\t\t\t\t<\/div>\n\t\t<div class=\"elementor-element elementor-element-55e852c e-flex e-con-boxed e-con e-parent\" data-id=\"55e852c\" data-element_type=\"container\">\n\t\t\t\t\t<div class=\"e-con-inner\">\n\t\t\t\t<div class=\"elementor-element elementor-element-e1bccdd elementor-widget elementor-widget-heading\" data-id=\"e1bccdd\" data-element_type=\"widget\" data-widget_type=\"heading.default\">\n\t\t\t\t<div class=\"elementor-widget-container\">\n\t\t\t\t\t<h2 class=\"elementor-heading-title elementor-size-default\">Caracterizaci\u00f3n de variables de estructura forestal como datos de entrada en el modelo 3D de comportamiento del fuego mediante t\u00e9cnicas de teledetecci\u00f3n<\/h2>\t\t\t\t<\/div>\n\t\t\t\t<\/div>\n\t\t\t\t\t<\/div>\n\t\t\t\t<\/div>\n\t\t<div class=\"elementor-element elementor-element-4f249bf e-flex e-con-boxed e-con e-parent\" data-id=\"4f249bf\" data-element_type=\"container\">\n\t\t\t\t\t<div class=\"e-con-inner\">\n\t\t\t\t<div class=\"elementor-element elementor-element-d7f3d23 elementor-widget elementor-widget-heading\" data-id=\"d7f3d23\" data-element_type=\"widget\" data-widget_type=\"heading.default\">\n\t\t\t\t<div class=\"elementor-widget-container\">\n\t\t\t\t\t<span class=\"elementor-heading-title elementor-size-default\"><!--StartFragment--><span data-olk-copy-source=\"MessageBody\">El objetivo principal del proyecto es la clasificaci\u00f3n de nubes de puntos obtenidas con sensores LiDAR (Light Detection and Ranging) y c\u00e1maras fotogram\u00e9tricas en diferentes entornos, mediante t\u00e9cnicas de Deep Learning, con el fin de mejorar las clasificaciones existentes hasta ahora en entornos forestales. Ello permitir\u00e1 la generaci\u00f3n de gemelos digitales en espacios forestales, la extracci\u00f3n categ\u00f3rica de caracter\u00edsticas \u00fatiles en la generaci\u00f3n de inventarios y en la prevenci\u00f3n de incendios forestales, as\u00ed como la monitorizaci\u00f3n de la biodiversidad.<\/span><!--EndFragment--><\/span>\t\t\t\t<\/div>\n\t\t\t\t<\/div>\n\t\t\t\t<div class=\"elementor-element elementor-element-e5839da elementor-widget elementor-widget-heading\" data-id=\"e5839da\" data-element_type=\"widget\" data-widget_type=\"heading.default\">\n\t\t\t\t<div class=\"elementor-widget-container\">\n\t\t\t\t\t<h2 class=\"elementor-heading-title elementor-size-default\"><span data-olk-copy-source=\"MessageBody\">Desarrollo de estrategias de machine learning (ML) energ\u00e9ticamente eficientes para la gesti\u00f3n sostenible de Espacios Naturales Inteligentes (ENI)<\/span><!--EndFragment--><\/h2>\t\t\t\t<\/div>\n\t\t\t\t<\/div>\n\t\t\t\t<div class=\"elementor-element elementor-element-8c0e0b7 elementor-widget elementor-widget-heading\" data-id=\"8c0e0b7\" data-element_type=\"widget\" data-widget_type=\"heading.default\">\n\t\t\t\t<div class=\"elementor-widget-container\">\n\t\t\t\t\t<span class=\"elementor-heading-title elementor-size-default\"><div style=\"border: 0px;font-weight: 400;font-size: 15px;line-height: inherit;, sans-serif;margin: 0px;padding: 0px;vertical-align: baseline\"><i data-olk-copy-source=\"MessageBody\">Esta Investigaci\u00f3n se centra en el desarrollo de estrategias de machine learning (ML) energ\u00e9ticamente eficientes para la gesti\u00f3n sostenible de Espacios Naturales Inteligentes (ENI), como reservas naturales y parques protegidos. Estos entornos desempe\u00f1an un papel clave en la conservaci\u00f3n de la biodiversidad y el equilibrio ecol\u00f3gico, pero enfrentan amenazas crecientes debido a la actividad humana, como el turismo masivo, la contaminaci\u00f3n y la sobreexplotaci\u00f3n de recursos.<\/i><\/div><div style=\"border: 0px;font-weight: 400;font-size: 15px;line-height: inherit;, sans-serif;margin: 0px;padding: 0px;vertical-align: baseline\"><p><i>Para abordar estos desaf\u00edos, se busca implementar modelos de ML\/DL que analicen grandes vol\u00famenes de datos ambientales y socioecon\u00f3micos, permitiendo una toma de decisiones m\u00e1s precisa y adaptable en la gesti\u00f3n de estos espacios. A diferencia de los enfoques tradicionales, el uso de ML facilita la detecci\u00f3n temprana de riesgos y la optimizaci\u00f3n de estrategias de conservaci\u00f3n.<\/i><\/p><p><i>El objetivo principal es dise\u00f1ar e implementar modelos de ML optimizados para el an\u00e1lisis de datos heterog\u00e9neos, integrando variables espaciales, temporales y socioecon\u00f3micas. Adem\u00e1s, se evaluar\u00e1 la eficiencia de distintas estrategias de ML desde una perspectiva t\u00e9cnica y de sostenibilidad, considerando su impacto ambiental y la participaci\u00f3n de actores locales en la gesti\u00f3n.<\/i><\/p><p><i>La metodolog\u00eda combina t\u00e9cnicas cuantitativas y cualitativas, incluyendo:<\/i><\/p><ul><li style=\"margin-left: 15px\"><p><i>Exploraci\u00f3n de indicadores socioambientales clave.<\/i><\/p><\/li><li style=\"margin-left: 15px\"><p><i>Identificaci\u00f3n y recopilaci\u00f3n de datos mediante fuentes abiertas y plataformas de monitoreo.<\/i><\/p><\/li><li style=\"margin-left: 15px\"><p><i>Desarrollo y evaluaci\u00f3n de modelos de ML para predicci\u00f3n de impactos, detecci\u00f3n de anomal\u00edas y optimizaci\u00f3n de recursos.<\/i><\/p><\/li><li style=\"margin-left: 15px\"><p><i>Dise\u00f1o de algoritmos verdes que reduzcan el consumo energ\u00e9tico de los modelos.<\/i><\/p><\/li><li style=\"margin-left: 15px\"><p><i>Divulgaci\u00f3n de resultados mediante publicaciones cient\u00edficas y colaboraciones con entidades interesadas.<\/i><\/p><\/li><\/ul><\/div><!--StartFragment--><span data-olk-copy-source=\"MessageBody\"><i>Este trabajo se enmarca dentro del Grupo<\/i> de Redes de Computadores (GRC) de la Universidad Polit\u00e9cnica de Valencia (UPV) y se basa en proyectos previos como SMARTLAGOON, CHAN-TWIN y MORELLINO. Su impacto se extiende m\u00e1s all\u00e1 del \u00e1mbito acad\u00e9mico, buscando aplicaciones en planificaci\u00f3n territorial, ecoturismo y gesti\u00f3n de recursos naturales, promoviendo decisiones basadas en datos y alineadas con los principios de sostenibilidad<\/span><!--EndFragment--><i style=\"font-size: 15px;font-weight: inherit;, sans-serif;text-align: var(--text-align);background-color: var(--ast-global-color-5)\">.<\/i><\/span>\t\t\t\t<\/div>\n\t\t\t\t<\/div>\n\t\t\t\t\t<\/div>\n\t\t\t\t<\/div>\n\t\t\t\t<\/div>\n\t\t","protected":false},"excerpt":{"rendered":"<p>Desarrollo de herramientas de IA que permitan optimizar el an\u00e1lisis de im\u00e1genes producidas en el marco de programas de mejora [&hellip;]<\/p>\n","protected":false},"author":2,"featured_media":0,"parent":0,"menu_order":0,"comment_status":"closed","ping_status":"closed","template":"","meta":{"site-sidebar-layout":"no-sidebar","site-content-layout":"","ast-site-content-layout":"full-width-container","site-content-style":"default","site-sidebar-style":"default","ast-global-header-display":"","ast-banner-title-visibility":"","ast-main-header-display":"","ast-hfb-above-header-display":"","ast-hfb-below-header-display":"","ast-hfb-mobile-header-display":"","site-post-title":"disabled","ast-breadcrumbs-content":"","ast-featured-img":"disabled","footer-sml-layout":"","ast-disable-related-posts":"","theme-transparent-header-meta":"","adv-header-id-meta":"","stick-header-meta":"","header-above-stick-meta":"","header-main-stick-meta":"","header-below-stick-meta":"","astra-migrate-meta-layouts":"default","ast-page-background-enabled":"default","ast-page-background-meta":{"desktop":{"background-color":"var(--ast-global-color-4)","background-image":"","background-repeat":"repeat","background-position":"center center","background-size":"auto","background-attachment":"scroll","background-type":"","background-media":"","overlay-type":"","overlay-color":"","overlay-opacity":"","overlay-gradient":""},"tablet":{"background-color":"","background-image":"","background-repeat":"repeat","background-position":"center center","background-size":"auto","background-attachment":"scroll","background-type":"","background-media":"","overlay-type":"","overlay-color":"","overlay-opacity":"","overlay-gradient":""},"mobile":{"background-color":"","background-image":"","background-repeat":"repeat","background-position":"center center","background-size":"auto","background-attachment":"scroll","background-type":"","background-media":"","overlay-type":"","overlay-color":"","overlay-opacity":"","overlay-gradient":""}},"ast-content-background-meta":{"desktop":{"background-color":"var(--ast-global-color-5)","background-image":"","background-repeat":"repeat","background-position":"center center","background-size":"auto","background-attachment":"scroll","background-type":"","background-media":"","overlay-type":"","overlay-color":"","overlay-opacity":"","overlay-gradient":""},"tablet":{"background-color":"var(--ast-global-color-5)","background-image":"","background-repeat":"repeat","background-position":"center center","background-size":"auto","background-attachment":"scroll","background-type":"","background-media":"","overlay-type":"","overlay-color":"","overlay-opacity":"","overlay-gradient":""},"mobile":{"background-color":"var(--ast-global-color-5)","background-image":"","background-repeat":"repeat","background-position":"center center","background-size":"auto","background-attachment":"scroll","background-type":"","background-media":"","overlay-type":"","overlay-color":"","overlay-opacity":"","overlay-gradient":""}},"footnotes":""},"class_list":["post-428","page","type-page","status-publish","hentry"],"yoast_head":"<!-- This site is optimized with the Yoast SEO plugin v24.2 - https:\/\/yoast.com\/wordpress\/plugins\/seo\/ -->\n<title>IA-territorios - C\u00e1tedra ENIA-UPV en IA desarrollo sostenible<\/title>\n<meta name=\"robots\" content=\"index, follow, max-snippet:-1, max-image-preview:large, max-video-preview:-1\" \/>\n<link rel=\"canonical\" href=\"https:\/\/catedraeniaupvds.webs.upv.es\/index.php\/ia-territorios\/\" \/>\n<meta property=\"og:locale\" content=\"es_ES\" \/>\n<meta property=\"og:type\" content=\"article\" \/>\n<meta property=\"og:title\" content=\"IA-territorios - C\u00e1tedra ENIA-UPV en IA desarrollo sostenible\" \/>\n<meta property=\"og:description\" content=\"Desarrollo de herramientas de IA que permitan optimizar el an\u00e1lisis de im\u00e1genes producidas en el marco de programas de mejora [&hellip;]\" \/>\n<meta property=\"og:url\" content=\"https:\/\/catedraeniaupvds.webs.upv.es\/index.php\/ia-territorios\/\" \/>\n<meta property=\"og:site_name\" content=\"C\u00e1tedra ENIA-UPV en IA desarrollo sostenible\" \/>\n<meta property=\"article:modified_time\" content=\"2025-03-21T08:03:38+00:00\" \/>\n<meta name=\"twitter:card\" content=\"summary_large_image\" \/>\n<meta name=\"twitter:label1\" content=\"Tiempo de lectura\" \/>\n\t<meta name=\"twitter:data1\" content=\"5 minutos\" \/>\n<script type=\"application\/ld+json\" class=\"yoast-schema-graph\">{\"@context\":\"https:\/\/schema.org\",\"@graph\":[{\"@type\":\"WebPage\",\"@id\":\"https:\/\/catedraeniaupvds.webs.upv.es\/index.php\/ia-territorios\/\",\"url\":\"https:\/\/catedraeniaupvds.webs.upv.es\/index.php\/ia-territorios\/\",\"name\":\"IA-territorios - C\u00e1tedra ENIA-UPV en IA desarrollo sostenible\",\"isPartOf\":{\"@id\":\"https:\/\/catedraeniaupvds.webs.upv.es\/#website\"},\"datePublished\":\"2025-03-10T10:35:47+00:00\",\"dateModified\":\"2025-03-21T08:03:38+00:00\",\"breadcrumb\":{\"@id\":\"https:\/\/catedraeniaupvds.webs.upv.es\/index.php\/ia-territorios\/#breadcrumb\"},\"inLanguage\":\"es\",\"potentialAction\":[{\"@type\":\"ReadAction\",\"target\":[\"https:\/\/catedraeniaupvds.webs.upv.es\/index.php\/ia-territorios\/\"]}]},{\"@type\":\"BreadcrumbList\",\"@id\":\"https:\/\/catedraeniaupvds.webs.upv.es\/index.php\/ia-territorios\/#breadcrumb\",\"itemListElement\":[{\"@type\":\"ListItem\",\"position\":1,\"name\":\"Portada\",\"item\":\"https:\/\/catedraeniaupvds.webs.upv.es\/\"},{\"@type\":\"ListItem\",\"position\":2,\"name\":\"IA-territorios\"}]},{\"@type\":\"WebSite\",\"@id\":\"https:\/\/catedraeniaupvds.webs.upv.es\/#website\",\"url\":\"https:\/\/catedraeniaupvds.webs.upv.es\/\",\"name\":\"C\u00e1tedra ENIA-UPV en IA desarrollo sostenible\",\"description\":\"\",\"publisher\":{\"@id\":\"https:\/\/catedraeniaupvds.webs.upv.es\/#organization\"},\"potentialAction\":[{\"@type\":\"SearchAction\",\"target\":{\"@type\":\"EntryPoint\",\"urlTemplate\":\"https:\/\/catedraeniaupvds.webs.upv.es\/?s={search_term_string}\"},\"query-input\":{\"@type\":\"PropertyValueSpecification\",\"valueRequired\":true,\"valueName\":\"search_term_string\"}}],\"inLanguage\":\"es\"},{\"@type\":\"Organization\",\"@id\":\"https:\/\/catedraeniaupvds.webs.upv.es\/#organization\",\"name\":\"C\u00e1tedra ENIA-UPV en IA desarrollo sostenible\",\"url\":\"https:\/\/catedraeniaupvds.webs.upv.es\/\",\"logo\":{\"@type\":\"ImageObject\",\"inLanguage\":\"es\",\"@id\":\"https:\/\/catedraeniaupvds.webs.upv.es\/#\/schema\/logo\/image\/\",\"url\":\"https:\/\/catedraeniaupvds.webs.upv.es\/wp-content\/uploads\/2024\/11\/logo1v4.png\",\"contentUrl\":\"https:\/\/catedraeniaupvds.webs.upv.es\/wp-content\/uploads\/2024\/11\/logo1v4.png\",\"width\":1006,\"height\":457,\"caption\":\"C\u00e1tedra ENIA-UPV en IA desarrollo sostenible\"},\"image\":{\"@id\":\"https:\/\/catedraeniaupvds.webs.upv.es\/#\/schema\/logo\/image\/\"}}]}<\/script>\n<!-- \/ Yoast SEO plugin. -->","yoast_head_json":{"title":"IA-territorios - C\u00e1tedra ENIA-UPV en IA desarrollo sostenible","robots":{"index":"index","follow":"follow","max-snippet":"max-snippet:-1","max-image-preview":"max-image-preview:large","max-video-preview":"max-video-preview:-1"},"canonical":"https:\/\/catedraeniaupvds.webs.upv.es\/index.php\/ia-territorios\/","og_locale":"es_ES","og_type":"article","og_title":"IA-territorios - C\u00e1tedra ENIA-UPV en IA desarrollo sostenible","og_description":"Desarrollo de herramientas de IA que permitan optimizar el an\u00e1lisis de im\u00e1genes producidas en el marco de programas de mejora [&hellip;]","og_url":"https:\/\/catedraeniaupvds.webs.upv.es\/index.php\/ia-territorios\/","og_site_name":"C\u00e1tedra ENIA-UPV en IA desarrollo sostenible","article_modified_time":"2025-03-21T08:03:38+00:00","twitter_card":"summary_large_image","twitter_misc":{"Tiempo de lectura":"5 minutos"},"schema":{"@context":"https:\/\/schema.org","@graph":[{"@type":"WebPage","@id":"https:\/\/catedraeniaupvds.webs.upv.es\/index.php\/ia-territorios\/","url":"https:\/\/catedraeniaupvds.webs.upv.es\/index.php\/ia-territorios\/","name":"IA-territorios - C\u00e1tedra ENIA-UPV en IA desarrollo sostenible","isPartOf":{"@id":"https:\/\/catedraeniaupvds.webs.upv.es\/#website"},"datePublished":"2025-03-10T10:35:47+00:00","dateModified":"2025-03-21T08:03:38+00:00","breadcrumb":{"@id":"https:\/\/catedraeniaupvds.webs.upv.es\/index.php\/ia-territorios\/#breadcrumb"},"inLanguage":"es","potentialAction":[{"@type":"ReadAction","target":["https:\/\/catedraeniaupvds.webs.upv.es\/index.php\/ia-territorios\/"]}]},{"@type":"BreadcrumbList","@id":"https:\/\/catedraeniaupvds.webs.upv.es\/index.php\/ia-territorios\/#breadcrumb","itemListElement":[{"@type":"ListItem","position":1,"name":"Portada","item":"https:\/\/catedraeniaupvds.webs.upv.es\/"},{"@type":"ListItem","position":2,"name":"IA-territorios"}]},{"@type":"WebSite","@id":"https:\/\/catedraeniaupvds.webs.upv.es\/#website","url":"https:\/\/catedraeniaupvds.webs.upv.es\/","name":"C\u00e1tedra ENIA-UPV en IA desarrollo sostenible","description":"","publisher":{"@id":"https:\/\/catedraeniaupvds.webs.upv.es\/#organization"},"potentialAction":[{"@type":"SearchAction","target":{"@type":"EntryPoint","urlTemplate":"https:\/\/catedraeniaupvds.webs.upv.es\/?s={search_term_string}"},"query-input":{"@type":"PropertyValueSpecification","valueRequired":true,"valueName":"search_term_string"}}],"inLanguage":"es"},{"@type":"Organization","@id":"https:\/\/catedraeniaupvds.webs.upv.es\/#organization","name":"C\u00e1tedra ENIA-UPV en IA desarrollo sostenible","url":"https:\/\/catedraeniaupvds.webs.upv.es\/","logo":{"@type":"ImageObject","inLanguage":"es","@id":"https:\/\/catedraeniaupvds.webs.upv.es\/#\/schema\/logo\/image\/","url":"https:\/\/catedraeniaupvds.webs.upv.es\/wp-content\/uploads\/2024\/11\/logo1v4.png","contentUrl":"https:\/\/catedraeniaupvds.webs.upv.es\/wp-content\/uploads\/2024\/11\/logo1v4.png","width":1006,"height":457,"caption":"C\u00e1tedra ENIA-UPV en IA desarrollo sostenible"},"image":{"@id":"https:\/\/catedraeniaupvds.webs.upv.es\/#\/schema\/logo\/image\/"}}]}},"rttpg_featured_image_url":null,"rttpg_author":{"display_name":"Leire Villarroya Mart\u00ednez","author_link":"https:\/\/catedraeniaupvds.webs.upv.es\/index.php\/author\/leire\/"},"rttpg_comment":0,"rttpg_category":null,"rttpg_excerpt":"Desarrollo de herramientas de IA que permitan optimizar el an\u00e1lisis de im\u00e1genes producidas en el marco de programas de mejora [&hellip;]","_links":{"self":[{"href":"https:\/\/catedraeniaupvds.webs.upv.es\/index.php\/wp-json\/wp\/v2\/pages\/428","targetHints":{"allow":["GET"]}}],"collection":[{"href":"https:\/\/catedraeniaupvds.webs.upv.es\/index.php\/wp-json\/wp\/v2\/pages"}],"about":[{"href":"https:\/\/catedraeniaupvds.webs.upv.es\/index.php\/wp-json\/wp\/v2\/types\/page"}],"author":[{"embeddable":true,"href":"https:\/\/catedraeniaupvds.webs.upv.es\/index.php\/wp-json\/wp\/v2\/users\/2"}],"replies":[{"embeddable":true,"href":"https:\/\/catedraeniaupvds.webs.upv.es\/index.php\/wp-json\/wp\/v2\/comments?post=428"}],"version-history":[{"count":22,"href":"https:\/\/catedraeniaupvds.webs.upv.es\/index.php\/wp-json\/wp\/v2\/pages\/428\/revisions"}],"predecessor-version":[{"id":468,"href":"https:\/\/catedraeniaupvds.webs.upv.es\/index.php\/wp-json\/wp\/v2\/pages\/428\/revisions\/468"}],"wp:attachment":[{"href":"https:\/\/catedraeniaupvds.webs.upv.es\/index.php\/wp-json\/wp\/v2\/media?parent=428"}],"curies":[{"name":"wp","href":"https:\/\/api.w.org\/{rel}","templated":true}]}}