{"id":47,"date":"2024-10-17T09:12:04","date_gmt":"2024-10-17T09:12:04","guid":{"rendered":"https:\/\/catedraeniaupvds.webs.upv.es\/?page_id=47"},"modified":"2025-01-09T08:47:05","modified_gmt":"2025-01-09T08:47:05","slug":"sobre-nosotros","status":"publish","type":"page","link":"https:\/\/catedraeniaupvds.webs.upv.es\/index.php\/sobre-nosotros\/","title":{"rendered":"Sobre nosotros"},"content":{"rendered":"\t\t<div data-elementor-type=\"wp-page\" data-elementor-id=\"47\" class=\"elementor elementor-47\">\n\t\t\t\t<div class=\"elementor-element elementor-element-9e6e5e9 e-flex e-con-boxed e-con e-parent\" data-id=\"9e6e5e9\" data-element_type=\"container\">\n\t\t\t\t\t<div class=\"e-con-inner\">\n\t\t\t\t<div class=\"elementor-element elementor-element-4f5a938 elementor-widget elementor-widget-heading\" data-id=\"4f5a938\" data-element_type=\"widget\" data-widget_type=\"heading.default\">\n\t\t\t\t<div class=\"elementor-widget-container\">\n\t\t\t\t\t<h1 class=\"elementor-heading-title elementor-size-default\">Sobre nosotros<\/h1>\t\t\t\t<\/div>\n\t\t\t\t<\/div>\n\t\t\t\t\t<\/div>\n\t\t\t\t<\/div>\n\t\t<div class=\"elementor-element elementor-element-4e50fde e-flex e-con-boxed e-con e-parent\" data-id=\"4e50fde\" data-element_type=\"container\">\n\t\t\t\t\t<div class=\"e-con-inner\">\n\t\t\t\t<div class=\"elementor-element elementor-element-de7cc85 elementor-widget elementor-widget-heading\" data-id=\"de7cc85\" data-element_type=\"widget\" data-widget_type=\"heading.default\">\n\t\t\t\t<div class=\"elementor-widget-container\">\n\t\t\t\t\t<h4 class=\"elementor-heading-title elementor-size-default\">La C\u00e1tedra ENIA-UPV nace con la misi\u00f3n de formar una comunidad de investigadores, profesores, estudiantes y empresas comprometidas con la inteligencia artificial aplicada al desarrollo sostenible. Buscamos crear valor a trav\u00e9s de la innovaci\u00f3n, la educaci\u00f3n y la cooperaci\u00f3n en la Comunidad Valenciana y m\u00e1s all\u00e1.<\/h4>\t\t\t\t<\/div>\n\t\t\t\t<\/div>\n\t\t\t\t\t<\/div>\n\t\t\t\t<\/div>\n\t\t<div class=\"elementor-element elementor-element-1ebd89b e-flex e-con-boxed e-con e-parent\" data-id=\"1ebd89b\" data-element_type=\"container\">\n\t\t\t\t\t<div class=\"e-con-inner\">\n\t\t<div class=\"elementor-element elementor-element-e0c1c8a e-con-full e-flex e-con e-child\" data-id=\"e0c1c8a\" data-element_type=\"container\">\n\t\t\t\t<div class=\"elementor-element elementor-element-d90bf4a elementor-widget elementor-widget-heading\" data-id=\"d90bf4a\" data-element_type=\"widget\" data-widget_type=\"heading.default\">\n\t\t\t\t<div class=\"elementor-widget-container\">\n\t\t\t\t\t<h2 class=\"elementor-heading-title elementor-size-default\">Nuestra misi\u00f3n:<\/h2>\t\t\t\t<\/div>\n\t\t\t\t<\/div>\n\t\t\t\t<div class=\"elementor-element elementor-element-1c0e709 elementor-widget elementor-widget-heading\" data-id=\"1c0e709\" data-element_type=\"widget\" data-widget_type=\"heading.default\">\n\t\t\t\t<div class=\"elementor-widget-container\">\n\t\t\t\t\t<h4 class=\"elementor-heading-title elementor-size-default\">Impulsar el uso de la IA en el desarrollo sostenible, creando sinergias entre la universidad y el sector productivo.\u200b<\/h4>\t\t\t\t<\/div>\n\t\t\t\t<\/div>\n\t\t\t\t<\/div>\n\t\t<div class=\"elementor-element elementor-element-9db480c e-con-full e-flex e-con e-child\" data-id=\"9db480c\" data-element_type=\"container\">\n\t\t\t\t<div class=\"elementor-element elementor-element-b277f3e elementor-widget elementor-widget-heading\" data-id=\"b277f3e\" data-element_type=\"widget\" data-widget_type=\"heading.default\">\n\t\t\t\t<div class=\"elementor-widget-container\">\n\t\t\t\t\t<h2 class=\"elementor-heading-title elementor-size-default\">Nuestra visi\u00f3n:<\/h2>\t\t\t\t<\/div>\n\t\t\t\t<\/div>\n\t\t\t\t<div class=\"elementor-element elementor-element-df6cce6 elementor-widget elementor-widget-heading\" data-id=\"df6cce6\" data-element_type=\"widget\" data-widget_type=\"heading.default\">\n\t\t\t\t<div class=\"elementor-widget-container\">\n\t\t\t\t\t<h4 class=\"elementor-heading-title elementor-size-default\">Posicionar a la UPV como un referente global en IA y sostenibilidad.\u200b<\/h4>\t\t\t\t<\/div>\n\t\t\t\t<\/div>\n\t\t\t\t<\/div>\n\t\t\t\t\t<\/div>\n\t\t\t\t<\/div>\n\t\t<div class=\"elementor-element elementor-element-720b334 e-flex e-con-boxed e-con e-parent\" data-id=\"720b334\" data-element_type=\"container\">\n\t\t\t\t\t<div class=\"e-con-inner\">\n\t\t<div class=\"elementor-element elementor-element-67711b3 e-con-full e-flex e-con e-child\" data-id=\"67711b3\" data-element_type=\"container\" data-settings=\"{&quot;background_background&quot;:&quot;classic&quot;}\">\n\t\t\t\t<div class=\"elementor-element elementor-element-414a429 elementor-align-center elementor-widget elementor-widget-button\" data-id=\"414a429\" data-element_type=\"widget\" data-widget_type=\"button.default\">\n\t\t\t\t<div class=\"elementor-widget-container\">\n\t\t\t\t\t\t\t\t\t<div class=\"elementor-button-wrapper\">\n\t\t\t\t\t<a class=\"elementor-button elementor-button-link elementor-size-sm\" href=\"https:\/\/catedraeniaupvds.webs.upv.es\/index.php\/equipo\/\">\n\t\t\t\t\t\t<span class=\"elementor-button-content-wrapper\">\n\t\t\t\t\t\t\t\t\t<span class=\"elementor-button-text\">Conoce al equipo<\/span>\n\t\t\t\t\t<\/span>\n\t\t\t\t\t<\/a>\n\t\t\t\t<\/div>\n\t\t\t\t\t\t\t\t<\/div>\n\t\t\t\t<\/div>\n\t\t\t\t<\/div>\n\t\t\t\t\t<\/div>\n\t\t\t\t<\/div>\n\t\t<div class=\"elementor-element elementor-element-8008d25 e-flex e-con-boxed e-con e-parent\" data-id=\"8008d25\" data-element_type=\"container\">\n\t\t\t\t\t<div class=\"e-con-inner\">\n\t\t\t\t\t<\/div>\n\t\t\t\t<\/div>\n\t\t\t\t<\/div>\n\t\t","protected":false},"excerpt":{"rendered":"<p>Sobre nosotros La C\u00e1tedra ENIA-UPV nace con la misi\u00f3n de formar una comunidad de investigadores, profesores, estudiantes y empresas comprometidas [&hellip;]<\/p>\n","protected":false},"author":1,"featured_media":0,"parent":0,"menu_order":0,"comment_status":"closed","ping_status":"closed","template":"","meta":{"site-sidebar-layout":"no-sidebar","site-content-layout":"","ast-site-content-layout":"full-width-container","site-content-style":"default","site-sidebar-style":"default","ast-global-header-display":"","ast-banner-title-visibility":"","ast-main-header-display":"","ast-hfb-above-header-display":"","ast-hfb-below-header-display":"","ast-hfb-mobile-header-display":"","site-post-title":"disabled","ast-breadcrumbs-content":"","ast-featured-img":"disabled","footer-sml-layout":"","ast-disable-related-posts":"","theme-transparent-header-meta":"","adv-header-id-meta":"","stick-header-meta":"","header-above-stick-meta":"","header-main-stick-meta":"","header-below-stick-meta":"","astra-migrate-meta-layouts":"default","ast-page-background-enabled":"default","ast-page-background-meta":{"desktop":{"background-color":"var(--ast-global-color-4)","background-image":"","background-repeat":"repeat","background-position":"center center","background-size":"auto","background-attachment":"scroll","background-type":"","background-media":"","overlay-type":"","overlay-color":"","overlay-opacity":"","overlay-gradient":""},"tablet":{"background-color":"","background-image":"","background-repeat":"repeat","background-position":"center center","background-size":"auto","background-attachment":"scroll","background-type":"","background-media":"","overlay-type":"","overlay-color":"","overlay-opacity":"","overlay-gradient":""},"mobile":{"background-color":"","background-image":"","background-repeat":"repeat","background-position":"center center","background-size":"auto","background-attachment":"scroll","background-type":"","background-media":"","overlay-type":"","overlay-color":"","overlay-opacity":"","overlay-gradient":""}},"ast-content-background-meta":{"desktop":{"background-color":"var(--ast-global-color-5)","background-image":"","background-repeat":"repeat","background-position":"center center","background-size":"auto","background-attachment":"scroll","background-type":"","background-media":"","overlay-type":"","overlay-color":"","overlay-opacity":"","overlay-gradient":""},"tablet":{"background-color":"var(--ast-global-color-5)","background-image":"","background-repeat":"repeat","background-position":"center center","background-size":"auto","background-attachment":"scroll","background-type":"","background-media":"","overlay-type":"","overlay-color":"","overlay-opacity":"","overlay-gradient":""},"mobile":{"background-color":"var(--ast-global-color-5)","background-image":"","background-repeat":"repeat","background-position":"center center","background-size":"auto","background-attachment":"scroll","background-type":"","background-media":"","overlay-type":"","overlay-color":"","overlay-opacity":"","overlay-gradient":""}},"footnotes":""},"class_list":["post-47","page","type-page","status-publish","hentry"],"yoast_head":"<!-- This site is optimized with the Yoast SEO plugin v24.2 - https:\/\/yoast.com\/wordpress\/plugins\/seo\/ -->\n<title>Sobre nosotros - C\u00e1tedra ENIA-UPV en IA desarrollo sostenible<\/title>\n<meta name=\"robots\" content=\"index, follow, max-snippet:-1, max-image-preview:large, max-video-preview:-1\" \/>\n<link rel=\"canonical\" href=\"https:\/\/catedraeniaupvds.webs.upv.es\/index.php\/sobre-nosotros\/\" \/>\n<meta property=\"og:locale\" content=\"es_ES\" \/>\n<meta property=\"og:type\" content=\"article\" \/>\n<meta property=\"og:title\" content=\"Sobre nosotros - C\u00e1tedra ENIA-UPV en IA desarrollo sostenible\" \/>\n<meta property=\"og:description\" content=\"Sobre nosotros La C\u00e1tedra ENIA-UPV nace con la misi\u00f3n de formar una comunidad de investigadores, profesores, estudiantes y empresas comprometidas [&hellip;]\" \/>\n<meta property=\"og:url\" content=\"https:\/\/catedraeniaupvds.webs.upv.es\/index.php\/sobre-nosotros\/\" \/>\n<meta property=\"og:site_name\" content=\"C\u00e1tedra ENIA-UPV en IA desarrollo sostenible\" \/>\n<meta property=\"article:modified_time\" content=\"2025-01-09T08:47:05+00:00\" \/>\n<meta name=\"twitter:card\" content=\"summary_large_image\" \/>\n<meta name=\"twitter:label1\" content=\"Tiempo de lectura\" \/>\n\t<meta name=\"twitter:data1\" content=\"1 minuto\" \/>\n<script type=\"application\/ld+json\" class=\"yoast-schema-graph\">{\"@context\":\"https:\/\/schema.org\",\"@graph\":[{\"@type\":\"WebPage\",\"@id\":\"https:\/\/catedraeniaupvds.webs.upv.es\/index.php\/sobre-nosotros\/\",\"url\":\"https:\/\/catedraeniaupvds.webs.upv.es\/index.php\/sobre-nosotros\/\",\"name\":\"Sobre nosotros - C\u00e1tedra ENIA-UPV en IA desarrollo sostenible\",\"isPartOf\":{\"@id\":\"https:\/\/catedraeniaupvds.webs.upv.es\/#website\"},\"datePublished\":\"2024-10-17T09:12:04+00:00\",\"dateModified\":\"2025-01-09T08:47:05+00:00\",\"breadcrumb\":{\"@id\":\"https:\/\/catedraeniaupvds.webs.upv.es\/index.php\/sobre-nosotros\/#breadcrumb\"},\"inLanguage\":\"es\",\"potentialAction\":[{\"@type\":\"ReadAction\",\"target\":[\"https:\/\/catedraeniaupvds.webs.upv.es\/index.php\/sobre-nosotros\/\"]}]},{\"@type\":\"BreadcrumbList\",\"@id\":\"https:\/\/catedraeniaupvds.webs.upv.es\/index.php\/sobre-nosotros\/#breadcrumb\",\"itemListElement\":[{\"@type\":\"ListItem\",\"position\":1,\"name\":\"Portada\",\"item\":\"https:\/\/catedraeniaupvds.webs.upv.es\/\"},{\"@type\":\"ListItem\",\"position\":2,\"name\":\"Sobre nosotros\"}]},{\"@type\":\"WebSite\",\"@id\":\"https:\/\/catedraeniaupvds.webs.upv.es\/#website\",\"url\":\"https:\/\/catedraeniaupvds.webs.upv.es\/\",\"name\":\"C\u00e1tedra ENIA-UPV en IA desarrollo sostenible\",\"description\":\"\",\"publisher\":{\"@id\":\"https:\/\/catedraeniaupvds.webs.upv.es\/#organization\"},\"potentialAction\":[{\"@type\":\"SearchAction\",\"target\":{\"@type\":\"EntryPoint\",\"urlTemplate\":\"https:\/\/catedraeniaupvds.webs.upv.es\/?s={search_term_string}\"},\"query-input\":{\"@type\":\"PropertyValueSpecification\",\"valueRequired\":true,\"valueName\":\"search_term_string\"}}],\"inLanguage\":\"es\"},{\"@type\":\"Organization\",\"@id\":\"https:\/\/catedraeniaupvds.webs.upv.es\/#organization\",\"name\":\"C\u00e1tedra ENIA-UPV en IA desarrollo sostenible\",\"url\":\"https:\/\/catedraeniaupvds.webs.upv.es\/\",\"logo\":{\"@type\":\"ImageObject\",\"inLanguage\":\"es\",\"@id\":\"https:\/\/catedraeniaupvds.webs.upv.es\/#\/schema\/logo\/image\/\",\"url\":\"https:\/\/catedraeniaupvds.webs.upv.es\/wp-content\/uploads\/2024\/11\/logo1v4.png\",\"contentUrl\":\"https:\/\/catedraeniaupvds.webs.upv.es\/wp-content\/uploads\/2024\/11\/logo1v4.png\",\"width\":1006,\"height\":457,\"caption\":\"C\u00e1tedra ENIA-UPV en IA desarrollo sostenible\"},\"image\":{\"@id\":\"https:\/\/catedraeniaupvds.webs.upv.es\/#\/schema\/logo\/image\/\"}}]}<\/script>\n<!-- \/ Yoast SEO plugin. -->","yoast_head_json":{"title":"Sobre nosotros - C\u00e1tedra ENIA-UPV en IA desarrollo sostenible","robots":{"index":"index","follow":"follow","max-snippet":"max-snippet:-1","max-image-preview":"max-image-preview:large","max-video-preview":"max-video-preview:-1"},"canonical":"https:\/\/catedraeniaupvds.webs.upv.es\/index.php\/sobre-nosotros\/","og_locale":"es_ES","og_type":"article","og_title":"Sobre nosotros - C\u00e1tedra ENIA-UPV en IA desarrollo sostenible","og_description":"Sobre nosotros La C\u00e1tedra ENIA-UPV nace con la misi\u00f3n de formar una comunidad de investigadores, profesores, estudiantes y empresas comprometidas [&hellip;]","og_url":"https:\/\/catedraeniaupvds.webs.upv.es\/index.php\/sobre-nosotros\/","og_site_name":"C\u00e1tedra ENIA-UPV en IA desarrollo sostenible","article_modified_time":"2025-01-09T08:47:05+00:00","twitter_card":"summary_large_image","twitter_misc":{"Tiempo de lectura":"1 minuto"},"schema":{"@context":"https:\/\/schema.org","@graph":[{"@type":"WebPage","@id":"https:\/\/catedraeniaupvds.webs.upv.es\/index.php\/sobre-nosotros\/","url":"https:\/\/catedraeniaupvds.webs.upv.es\/index.php\/sobre-nosotros\/","name":"Sobre nosotros - C\u00e1tedra ENIA-UPV en IA desarrollo sostenible","isPartOf":{"@id":"https:\/\/catedraeniaupvds.webs.upv.es\/#website"},"datePublished":"2024-10-17T09:12:04+00:00","dateModified":"2025-01-09T08:47:05+00:00","breadcrumb":{"@id":"https:\/\/catedraeniaupvds.webs.upv.es\/index.php\/sobre-nosotros\/#breadcrumb"},"inLanguage":"es","potentialAction":[{"@type":"ReadAction","target":["https:\/\/catedraeniaupvds.webs.upv.es\/index.php\/sobre-nosotros\/"]}]},{"@type":"BreadcrumbList","@id":"https:\/\/catedraeniaupvds.webs.upv.es\/index.php\/sobre-nosotros\/#breadcrumb","itemListElement":[{"@type":"ListItem","position":1,"name":"Portada","item":"https:\/\/catedraeniaupvds.webs.upv.es\/"},{"@type":"ListItem","position":2,"name":"Sobre nosotros"}]},{"@type":"WebSite","@id":"https:\/\/catedraeniaupvds.webs.upv.es\/#website","url":"https:\/\/catedraeniaupvds.webs.upv.es\/","name":"C\u00e1tedra ENIA-UPV en IA desarrollo sostenible","description":"","publisher":{"@id":"https:\/\/catedraeniaupvds.webs.upv.es\/#organization"},"potentialAction":[{"@type":"SearchAction","target":{"@type":"EntryPoint","urlTemplate":"https:\/\/catedraeniaupvds.webs.upv.es\/?s={search_term_string}"},"query-input":{"@type":"PropertyValueSpecification","valueRequired":true,"valueName":"search_term_string"}}],"inLanguage":"es"},{"@type":"Organization","@id":"https:\/\/catedraeniaupvds.webs.upv.es\/#organization","name":"C\u00e1tedra ENIA-UPV en IA desarrollo sostenible","url":"https:\/\/catedraeniaupvds.webs.upv.es\/","logo":{"@type":"ImageObject","inLanguage":"es","@id":"https:\/\/catedraeniaupvds.webs.upv.es\/#\/schema\/logo\/image\/","url":"https:\/\/catedraeniaupvds.webs.upv.es\/wp-content\/uploads\/2024\/11\/logo1v4.png","contentUrl":"https:\/\/catedraeniaupvds.webs.upv.es\/wp-content\/uploads\/2024\/11\/logo1v4.png","width":1006,"height":457,"caption":"C\u00e1tedra ENIA-UPV en IA desarrollo sostenible"},"image":{"@id":"https:\/\/catedraeniaupvds.webs.upv.es\/#\/schema\/logo\/image\/"}}]}},"rttpg_featured_image_url":null,"rttpg_author":{"display_name":"admin","author_link":"https:\/\/catedraeniaupvds.webs.upv.es\/index.php\/author\/mvsimsor_5dg52yj3\/"},"rttpg_comment":0,"rttpg_category":null,"rttpg_excerpt":"Sobre nosotros La C\u00e1tedra ENIA-UPV nace con la misi\u00f3n de formar una comunidad de investigadores, profesores, estudiantes y empresas comprometidas [&hellip;]","_links":{"self":[{"href":"https:\/\/catedraeniaupvds.webs.upv.es\/index.php\/wp-json\/wp\/v2\/pages\/47","targetHints":{"allow":["GET"]}}],"collection":[{"href":"https:\/\/catedraeniaupvds.webs.upv.es\/index.php\/wp-json\/wp\/v2\/pages"}],"about":[{"href":"https:\/\/catedraeniaupvds.webs.upv.es\/index.php\/wp-json\/wp\/v2\/types\/page"}],"author":[{"embeddable":true,"href":"https:\/\/catedraeniaupvds.webs.upv.es\/index.php\/wp-json\/wp\/v2\/users\/1"}],"replies":[{"embeddable":true,"href":"https:\/\/catedraeniaupvds.webs.upv.es\/index.php\/wp-json\/wp\/v2\/comments?post=47"}],"version-history":[{"count":22,"href":"https:\/\/catedraeniaupvds.webs.upv.es\/index.php\/wp-json\/wp\/v2\/pages\/47\/revisions"}],"predecessor-version":[{"id":374,"href":"https:\/\/catedraeniaupvds.webs.upv.es\/index.php\/wp-json\/wp\/v2\/pages\/47\/revisions\/374"}],"wp:attachment":[{"href":"https:\/\/catedraeniaupvds.webs.upv.es\/index.php\/wp-json\/wp\/v2\/media?parent=47"}],"curies":[{"name":"wp","href":"https:\/\/api.w.org\/{rel}","templated":true}]}}