{"id":72,"date":"2024-10-18T08:23:17","date_gmt":"2024-10-18T08:23:17","guid":{"rendered":"https:\/\/catedraeniaupvds.webs.upv.es\/?page_id=72"},"modified":"2024-10-24T11:12:45","modified_gmt":"2024-10-24T11:12:45","slug":"colabora","status":"publish","type":"page","link":"https:\/\/catedraeniaupvds.webs.upv.es\/index.php\/colabora\/","title":{"rendered":"Colabora"},"content":{"rendered":"\t\t<div data-elementor-type=\"wp-page\" data-elementor-id=\"72\" class=\"elementor elementor-72\">\n\t\t\t\t<div class=\"elementor-element elementor-element-f6ba458 e-flex e-con-boxed e-con e-parent\" data-id=\"f6ba458\" data-element_type=\"container\">\n\t\t\t\t\t<div class=\"e-con-inner\">\n\t\t\t\t<div class=\"elementor-element elementor-element-4f10078 elementor-widget elementor-widget-heading\" data-id=\"4f10078\" data-element_type=\"widget\" data-widget_type=\"heading.default\">\n\t\t\t\t<div class=\"elementor-widget-container\">\n\t\t\t\t\t<h2 class=\"elementor-heading-title elementor-size-default\">Colabora con nosotros<\/h2>\t\t\t\t<\/div>\n\t\t\t\t<\/div>\n\t\t\t\t\t<\/div>\n\t\t\t\t<\/div>\n\t\t<div class=\"elementor-element elementor-element-22f8585 e-flex e-con-boxed e-con e-parent\" data-id=\"22f8585\" data-element_type=\"container\">\n\t\t\t\t\t<div class=\"e-con-inner\">\n\t\t\t\t<div class=\"elementor-element elementor-element-084ddc8 elementor-widget elementor-widget-heading\" data-id=\"084ddc8\" data-element_type=\"widget\" data-widget_type=\"heading.default\">\n\t\t\t\t<div class=\"elementor-widget-container\">\n\t\t\t\t\t<h5 class=\"elementor-heading-title elementor-size-default\">Colaboraciones empresariales<\/h5>\t\t\t\t<\/div>\n\t\t\t\t<\/div>\n\t\t\t\t\t<\/div>\n\t\t\t\t<\/div>\n\t\t<div class=\"elementor-element elementor-element-4513c65 e-flex e-con-boxed e-con e-parent\" data-id=\"4513c65\" data-element_type=\"container\">\n\t\t\t\t\t<div class=\"e-con-inner\">\n\t\t\t\t<div class=\"elementor-element elementor-element-2af1a12 elementor-widget elementor-widget-heading\" data-id=\"2af1a12\" data-element_type=\"widget\" data-widget_type=\"heading.default\">\n\t\t\t\t<div class=\"elementor-widget-container\">\n\t\t\t\t\t<h6 class=\"elementor-heading-title elementor-size-default\">Invitamos a las empresas de todos los sectores a unirse a nuestro proyecto, participando en la creaci\u00f3n de soluciones tecnol\u00f3gicas que fomenten sostenibilidad a trav\u00e9s de la inteligencia artificial.<\/h6>\t\t\t\t<\/div>\n\t\t\t\t<\/div>\n\t\t\t\t\t<\/div>\n\t\t\t\t<\/div>\n\t\t<div class=\"elementor-element elementor-element-bbb4a66 e-flex e-con-boxed e-con e-parent\" data-id=\"bbb4a66\" data-element_type=\"container\">\n\t\t\t\t\t<div class=\"e-con-inner\">\n\t\t\t\t<div class=\"elementor-element elementor-element-8944a8e elementor-widget elementor-widget-heading\" data-id=\"8944a8e\" data-element_type=\"widget\" data-widget_type=\"heading.default\">\n\t\t\t\t<div class=\"elementor-widget-container\">\n\t\t\t\t\t<h6 class=\"elementor-heading-title elementor-size-default\">\u00bfQuieres colaborar con nosotros? Contact\u00e1ctanos<\/h6>\t\t\t\t<\/div>\n\t\t\t\t<\/div>\n\t\t\t\t\t<\/div>\n\t\t\t\t<\/div>\n\t\t<div class=\"elementor-element elementor-element-8c961bc e-flex e-con-boxed e-con e-parent\" data-id=\"8c961bc\" data-element_type=\"container\">\n\t\t\t\t\t<div class=\"e-con-inner\">\n\t\t\t\t<div class=\"elementor-element elementor-element-fb333a0 elementor-widget elementor-widget-shortcode\" data-id=\"fb333a0\" data-element_type=\"widget\" data-widget_type=\"shortcode.default\">\n\t\t\t\t<div class=\"elementor-widget-container\">\n\t\t\t\t\t\t\t<div class=\"elementor-shortcode\">\n<div class=\"wpcf7 no-js\" id=\"wpcf7-f204-o1\" lang=\"es-ES\" dir=\"ltr\" data-wpcf7-id=\"204\">\n<div class=\"screen-reader-response\"><p role=\"status\" aria-live=\"polite\" aria-atomic=\"true\"><\/p> <ul><\/ul><\/div>\n<form action=\"\/index.php\/wp-json\/wp\/v2\/pages\/72#wpcf7-f204-o1\" method=\"post\" class=\"wpcf7-form init\" aria-label=\"Formulario de contacto\" novalidate=\"novalidate\" data-status=\"init\">\n<div style=\"display: none;\">\n<input type=\"hidden\" name=\"_wpcf7\" value=\"204\" \/>\n<input type=\"hidden\" name=\"_wpcf7_version\" value=\"6.0.3\" \/>\n<input type=\"hidden\" name=\"_wpcf7_locale\" value=\"es_ES\" \/>\n<input type=\"hidden\" name=\"_wpcf7_unit_tag\" value=\"wpcf7-f204-o1\" \/>\n<input type=\"hidden\" name=\"_wpcf7_container_post\" value=\"0\" \/>\n<input type=\"hidden\" name=\"_wpcf7_posted_data_hash\" value=\"\" \/>\n<input type=\"hidden\" name=\"_uacf7_hidden_conditional_fields\" value=\"\" \/>\n<\/div>\n<div class=\"uacf7-form-204 uacf7_auto_cart_204\"><div>\n<label style=\"width: 48%; display: inline-block; margin-right: 2%; margin-bottom: 10px;\"> Tu nombre \/ Nombre de tu empresa\n    <span class=\"wpcf7-form-control-wrap\" data-name=\"your-name\"><input size=\"40\" maxlength=\"400\" class=\"wpcf7-form-control wpcf7-text wpcf7-validates-as-required\" autocomplete=\"name\" aria-required=\"true\" aria-invalid=\"false\" value=\"\" type=\"text\" name=\"your-name\" \/><\/span>\n<\/label>\n\n<label style=\"width: 48%; display: inline-block; margin-right: 2%; margin-bottom: 10px;\"> Correo electr\u00f3nico\n    <span class=\"wpcf7-form-control-wrap\" data-name=\"your-email\"><input size=\"40\" maxlength=\"400\" class=\"wpcf7-form-control wpcf7-email wpcf7-validates-as-required wpcf7-text wpcf7-validates-as-email\" autocomplete=\"email\" aria-required=\"true\" aria-invalid=\"false\" value=\"\" type=\"email\" name=\"your-email\" \/><\/span>\n<\/label>\n\n<label style=\"width: 48%; display: inline-block; margin-right: 2%; margin-bottom: 10px;\"> Asunto\n    <span class=\"wpcf7-form-control-wrap\" data-name=\"your-subject\"><input size=\"40\" maxlength=\"400\" class=\"wpcf7-form-control wpcf7-text wpcf7-validates-as-required\" aria-required=\"true\" aria-invalid=\"false\" value=\"\" type=\"text\" name=\"your-subject\" \/><\/span>\n<\/label>\n\n<label style=\"width: 48%; display: inline-block; margin-right: 2%; margin-bottom: 10px;\"> \u00bfPor qu\u00e9 nos contactas?\n    <span class=\"wpcf7-form-control-wrap\" data-name=\"menu-11\"><select class=\"wpcf7-form-control wpcf7-select\" aria-invalid=\"false\" name=\"menu-11\"><option value=\"Quiero ofrecer pr\u00e1cticas\">Quiero ofrecer pr\u00e1cticas<\/option><option value=\"Quiero proponer un TFG\/TFM\">Quiero proponer un TFG\/TFM<\/option><option value=\"Quiero colaborar con un proyecto de IA\">Quiero colaborar con un proyecto de IA<\/option><option value=\"Quiero que mi equipo reciba formaci\u00f3n\">Quiero que mi equipo reciba formaci\u00f3n<\/option><option value=\"Otros\">Otros<\/option><\/select><\/span>\n<\/label>\n\n\n<label style=\"width: 48%; display: inline-block; margin-right: 2%; margin-bottom: 10px;\"> Tu mensaje\n    <span class=\"wpcf7-form-control-wrap\" data-name=\"your-message\"><textarea cols=\"40\" rows=\"10\" maxlength=\"2000\" class=\"wpcf7-form-control wpcf7-textarea wpcf7-validates-as-required\" aria-required=\"true\" aria-invalid=\"false\" name=\"your-message\"><\/textarea><\/span>\n<\/label>\n<\/div>\n<div>\n<input class=\"wpcf7-form-control wpcf7-submit has-spinner\" type=\"submit\" value=\"Enviar\" \/>\n<\/div><\/div><div class=\"wpcf7-response-output\" aria-hidden=\"true\"><\/div>\n<\/form>\n<\/div>\n<\/div>\n\t\t\t\t\t\t<\/div>\n\t\t\t\t<\/div>\n\t\t\t\t\t<\/div>\n\t\t\t\t<\/div>\n\t\t\t\t<\/div>\n\t\t","protected":false},"excerpt":{"rendered":"<p>Colabora con nosotros Colaboraciones empresariales Invitamos a las empresas de todos los sectores a unirse a nuestro proyecto, participando en [&hellip;]<\/p>\n","protected":false},"author":1,"featured_media":0,"parent":0,"menu_order":0,"comment_status":"closed","ping_status":"closed","template":"","meta":{"site-sidebar-layout":"no-sidebar","site-content-layout":"","ast-site-content-layout":"full-width-container","site-content-style":"default","site-sidebar-style":"default","ast-global-header-display":"","ast-banner-title-visibility":"","ast-main-header-display":"","ast-hfb-above-header-display":"","ast-hfb-below-header-display":"","ast-hfb-mobile-header-display":"","site-post-title":"disabled","ast-breadcrumbs-content":"","ast-featured-img":"disabled","footer-sml-layout":"","ast-disable-related-posts":"","theme-transparent-header-meta":"","adv-header-id-meta":"","stick-header-meta":"","header-above-stick-meta":"","header-main-stick-meta":"","header-below-stick-meta":"","astra-migrate-meta-layouts":"default","ast-page-background-enabled":"default","ast-page-background-meta":{"desktop":{"background-color":"var(--ast-global-color-4)","background-image":"","background-repeat":"repeat","background-position":"center center","background-size":"auto","background-attachment":"scroll","background-type":"","background-media":"","overlay-type":"","overlay-color":"","overlay-opacity":"","overlay-gradient":""},"tablet":{"background-color":"","background-image":"","background-repeat":"repeat","background-position":"center center","background-size":"auto","background-attachment":"scroll","background-type":"","background-media":"","overlay-type":"","overlay-color":"","overlay-opacity":"","overlay-gradient":""},"mobile":{"background-color":"","background-image":"","background-repeat":"repeat","background-position":"center center","background-size":"auto","background-attachment":"scroll","background-type":"","background-media":"","overlay-type":"","overlay-color":"","overlay-opacity":"","overlay-gradient":""}},"ast-content-background-meta":{"desktop":{"background-color":"var(--ast-global-color-5)","background-image":"","background-repeat":"repeat","background-position":"center center","background-size":"auto","background-attachment":"scroll","background-type":"","background-media":"","overlay-type":"","overlay-color":"","overlay-opacity":"","overlay-gradient":""},"tablet":{"background-color":"var(--ast-global-color-5)","background-image":"","background-repeat":"repeat","background-position":"center center","background-size":"auto","background-attachment":"scroll","background-type":"","background-media":"","overlay-type":"","overlay-color":"","overlay-opacity":"","overlay-gradient":""},"mobile":{"background-color":"var(--ast-global-color-5)","background-image":"","background-repeat":"repeat","background-position":"center center","background-size":"auto","background-attachment":"scroll","background-type":"","background-media":"","overlay-type":"","overlay-color":"","overlay-opacity":"","overlay-gradient":""}},"footnotes":""},"class_list":["post-72","page","type-page","status-publish","hentry"],"yoast_head":"<!-- This site is optimized with the Yoast SEO plugin v24.2 - https:\/\/yoast.com\/wordpress\/plugins\/seo\/ -->\n<title>Colabora - C\u00e1tedra ENIA-UPV en IA desarrollo sostenible<\/title>\n<meta name=\"robots\" content=\"index, follow, max-snippet:-1, max-image-preview:large, max-video-preview:-1\" \/>\n<link rel=\"canonical\" href=\"https:\/\/catedraeniaupvds.webs.upv.es\/index.php\/colabora\/\" \/>\n<meta property=\"og:locale\" content=\"es_ES\" \/>\n<meta property=\"og:type\" content=\"article\" \/>\n<meta property=\"og:title\" content=\"Colabora - C\u00e1tedra ENIA-UPV en IA desarrollo sostenible\" \/>\n<meta property=\"og:description\" content=\"Colabora con nosotros Colaboraciones empresariales Invitamos a las empresas de todos los sectores a unirse a nuestro proyecto, participando en [&hellip;]\" \/>\n<meta property=\"og:url\" content=\"https:\/\/catedraeniaupvds.webs.upv.es\/index.php\/colabora\/\" \/>\n<meta property=\"og:site_name\" content=\"C\u00e1tedra ENIA-UPV en IA desarrollo sostenible\" \/>\n<meta property=\"article:modified_time\" content=\"2024-10-24T11:12:45+00:00\" \/>\n<meta name=\"twitter:card\" content=\"summary_large_image\" \/>\n<script type=\"application\/ld+json\" class=\"yoast-schema-graph\">{\"@context\":\"https:\/\/schema.org\",\"@graph\":[{\"@type\":\"WebPage\",\"@id\":\"https:\/\/catedraeniaupvds.webs.upv.es\/index.php\/colabora\/\",\"url\":\"https:\/\/catedraeniaupvds.webs.upv.es\/index.php\/colabora\/\",\"name\":\"Colabora - C\u00e1tedra ENIA-UPV en IA desarrollo sostenible\",\"isPartOf\":{\"@id\":\"https:\/\/catedraeniaupvds.webs.upv.es\/#website\"},\"datePublished\":\"2024-10-18T08:23:17+00:00\",\"dateModified\":\"2024-10-24T11:12:45+00:00\",\"breadcrumb\":{\"@id\":\"https:\/\/catedraeniaupvds.webs.upv.es\/index.php\/colabora\/#breadcrumb\"},\"inLanguage\":\"es\",\"potentialAction\":[{\"@type\":\"ReadAction\",\"target\":[\"https:\/\/catedraeniaupvds.webs.upv.es\/index.php\/colabora\/\"]}]},{\"@type\":\"BreadcrumbList\",\"@id\":\"https:\/\/catedraeniaupvds.webs.upv.es\/index.php\/colabora\/#breadcrumb\",\"itemListElement\":[{\"@type\":\"ListItem\",\"position\":1,\"name\":\"Portada\",\"item\":\"https:\/\/catedraeniaupvds.webs.upv.es\/\"},{\"@type\":\"ListItem\",\"position\":2,\"name\":\"Colabora\"}]},{\"@type\":\"WebSite\",\"@id\":\"https:\/\/catedraeniaupvds.webs.upv.es\/#website\",\"url\":\"https:\/\/catedraeniaupvds.webs.upv.es\/\",\"name\":\"C\u00e1tedra ENIA-UPV en IA desarrollo sostenible\",\"description\":\"\",\"publisher\":{\"@id\":\"https:\/\/catedraeniaupvds.webs.upv.es\/#organization\"},\"potentialAction\":[{\"@type\":\"SearchAction\",\"target\":{\"@type\":\"EntryPoint\",\"urlTemplate\":\"https:\/\/catedraeniaupvds.webs.upv.es\/?s={search_term_string}\"},\"query-input\":{\"@type\":\"PropertyValueSpecification\",\"valueRequired\":true,\"valueName\":\"search_term_string\"}}],\"inLanguage\":\"es\"},{\"@type\":\"Organization\",\"@id\":\"https:\/\/catedraeniaupvds.webs.upv.es\/#organization\",\"name\":\"C\u00e1tedra ENIA-UPV en IA desarrollo sostenible\",\"url\":\"https:\/\/catedraeniaupvds.webs.upv.es\/\",\"logo\":{\"@type\":\"ImageObject\",\"inLanguage\":\"es\",\"@id\":\"https:\/\/catedraeniaupvds.webs.upv.es\/#\/schema\/logo\/image\/\",\"url\":\"https:\/\/catedraeniaupvds.webs.upv.es\/wp-content\/uploads\/2024\/11\/logo1v4.png\",\"contentUrl\":\"https:\/\/catedraeniaupvds.webs.upv.es\/wp-content\/uploads\/2024\/11\/logo1v4.png\",\"width\":1006,\"height\":457,\"caption\":\"C\u00e1tedra ENIA-UPV en IA desarrollo sostenible\"},\"image\":{\"@id\":\"https:\/\/catedraeniaupvds.webs.upv.es\/#\/schema\/logo\/image\/\"}}]}<\/script>\n<!-- \/ Yoast SEO plugin. -->","yoast_head_json":{"title":"Colabora - C\u00e1tedra ENIA-UPV en IA desarrollo sostenible","robots":{"index":"index","follow":"follow","max-snippet":"max-snippet:-1","max-image-preview":"max-image-preview:large","max-video-preview":"max-video-preview:-1"},"canonical":"https:\/\/catedraeniaupvds.webs.upv.es\/index.php\/colabora\/","og_locale":"es_ES","og_type":"article","og_title":"Colabora - C\u00e1tedra ENIA-UPV en IA desarrollo sostenible","og_description":"Colabora con nosotros Colaboraciones empresariales Invitamos a las empresas de todos los sectores a unirse a nuestro proyecto, participando en [&hellip;]","og_url":"https:\/\/catedraeniaupvds.webs.upv.es\/index.php\/colabora\/","og_site_name":"C\u00e1tedra ENIA-UPV en IA desarrollo sostenible","article_modified_time":"2024-10-24T11:12:45+00:00","twitter_card":"summary_large_image","schema":{"@context":"https:\/\/schema.org","@graph":[{"@type":"WebPage","@id":"https:\/\/catedraeniaupvds.webs.upv.es\/index.php\/colabora\/","url":"https:\/\/catedraeniaupvds.webs.upv.es\/index.php\/colabora\/","name":"Colabora - C\u00e1tedra ENIA-UPV en IA desarrollo sostenible","isPartOf":{"@id":"https:\/\/catedraeniaupvds.webs.upv.es\/#website"},"datePublished":"2024-10-18T08:23:17+00:00","dateModified":"2024-10-24T11:12:45+00:00","breadcrumb":{"@id":"https:\/\/catedraeniaupvds.webs.upv.es\/index.php\/colabora\/#breadcrumb"},"inLanguage":"es","potentialAction":[{"@type":"ReadAction","target":["https:\/\/catedraeniaupvds.webs.upv.es\/index.php\/colabora\/"]}]},{"@type":"BreadcrumbList","@id":"https:\/\/catedraeniaupvds.webs.upv.es\/index.php\/colabora\/#breadcrumb","itemListElement":[{"@type":"ListItem","position":1,"name":"Portada","item":"https:\/\/catedraeniaupvds.webs.upv.es\/"},{"@type":"ListItem","position":2,"name":"Colabora"}]},{"@type":"WebSite","@id":"https:\/\/catedraeniaupvds.webs.upv.es\/#website","url":"https:\/\/catedraeniaupvds.webs.upv.es\/","name":"C\u00e1tedra ENIA-UPV en IA desarrollo sostenible","description":"","publisher":{"@id":"https:\/\/catedraeniaupvds.webs.upv.es\/#organization"},"potentialAction":[{"@type":"SearchAction","target":{"@type":"EntryPoint","urlTemplate":"https:\/\/catedraeniaupvds.webs.upv.es\/?s={search_term_string}"},"query-input":{"@type":"PropertyValueSpecification","valueRequired":true,"valueName":"search_term_string"}}],"inLanguage":"es"},{"@type":"Organization","@id":"https:\/\/catedraeniaupvds.webs.upv.es\/#organization","name":"C\u00e1tedra ENIA-UPV en IA desarrollo sostenible","url":"https:\/\/catedraeniaupvds.webs.upv.es\/","logo":{"@type":"ImageObject","inLanguage":"es","@id":"https:\/\/catedraeniaupvds.webs.upv.es\/#\/schema\/logo\/image\/","url":"https:\/\/catedraeniaupvds.webs.upv.es\/wp-content\/uploads\/2024\/11\/logo1v4.png","contentUrl":"https:\/\/catedraeniaupvds.webs.upv.es\/wp-content\/uploads\/2024\/11\/logo1v4.png","width":1006,"height":457,"caption":"C\u00e1tedra ENIA-UPV en IA desarrollo sostenible"},"image":{"@id":"https:\/\/catedraeniaupvds.webs.upv.es\/#\/schema\/logo\/image\/"}}]}},"rttpg_featured_image_url":null,"rttpg_author":{"display_name":"admin","author_link":"https:\/\/catedraeniaupvds.webs.upv.es\/index.php\/author\/mvsimsor_5dg52yj3\/"},"rttpg_comment":0,"rttpg_category":null,"rttpg_excerpt":"Colabora con nosotros Colaboraciones empresariales Invitamos a las empresas de todos los sectores a unirse a nuestro proyecto, participando en [&hellip;]","_links":{"self":[{"href":"https:\/\/catedraeniaupvds.webs.upv.es\/index.php\/wp-json\/wp\/v2\/pages\/72","targetHints":{"allow":["GET"]}}],"collection":[{"href":"https:\/\/catedraeniaupvds.webs.upv.es\/index.php\/wp-json\/wp\/v2\/pages"}],"about":[{"href":"https:\/\/catedraeniaupvds.webs.upv.es\/index.php\/wp-json\/wp\/v2\/types\/page"}],"author":[{"embeddable":true,"href":"https:\/\/catedraeniaupvds.webs.upv.es\/index.php\/wp-json\/wp\/v2\/users\/1"}],"replies":[{"embeddable":true,"href":"https:\/\/catedraeniaupvds.webs.upv.es\/index.php\/wp-json\/wp\/v2\/comments?post=72"}],"version-history":[{"count":16,"href":"https:\/\/catedraeniaupvds.webs.upv.es\/index.php\/wp-json\/wp\/v2\/pages\/72\/revisions"}],"predecessor-version":[{"id":218,"href":"https:\/\/catedraeniaupvds.webs.upv.es\/index.php\/wp-json\/wp\/v2\/pages\/72\/revisions\/218"}],"wp:attachment":[{"href":"https:\/\/catedraeniaupvds.webs.upv.es\/index.php\/wp-json\/wp\/v2\/media?parent=72"}],"curies":[{"name":"wp","href":"https:\/\/api.w.org\/{rel}","templated":true}]}}